{"id":530,"date":"2024-11-12T14:43:45","date_gmt":"2024-11-12T13:43:45","guid":{"rendered":"https:\/\/ricaminbm.gruppoflorence.it\/?page_id=530"},"modified":"2024-12-20T11:40:26","modified_gmt":"2024-12-20T10:40:26","slug":"prestations","status":"publish","type":"page","link":"https:\/\/ricaminbm.gruppoflorence.it\/fr\/prestations\/","title":{"rendered":"Prestations"},"content":{"rendered":"","protected":false},"excerpt":{"rendered":"","protected":false},"author":18,"featured_media":0,"parent":0,"menu_order":0,"comment_status":"closed","ping_status":"closed","template":"","meta":{"_acf_changed":false,"footnotes":""},"class_list":["post-530","page","type-page","status-publish","hentry"],"acf":[],"yoast_head":"<!-- This site is optimized with the Yoast SEO plugin v27.3 - https:\/\/yoast.com\/product\/yoast-seo-wordpress\/ -->\n<title>Ricami NBM prestations: pr\u00e9cision et production de haute qualit\u00e9<\/title>\n<meta name=\"description\" content=\"D\u00e9couvrez les prestations de Ricami NBM: recherche et design, prototypes, pr\u00e9s\u00e9ries et contr\u00f4le de qualit\u00e9 pour des broderies, alliant tradition et innovation.\" \/>\n<meta name=\"robots\" content=\"index, follow, max-snippet:-1, max-image-preview:large, max-video-preview:-1\" \/>\n<link rel=\"canonical\" href=\"https:\/\/ricaminbm.gruppoflorence.it\/fr\/prestations\/\" \/>\n<meta property=\"og:locale\" content=\"fr_FR\" \/>\n<meta property=\"og:type\" content=\"article\" \/>\n<meta property=\"og:title\" content=\"Ricami NBM prestations: pr\u00e9cision et production de haute qualit\u00e9\" \/>\n<meta property=\"og:description\" content=\"D\u00e9couvrez les prestations de Ricami NBM: recherche et design, prototypes, pr\u00e9s\u00e9ries et contr\u00f4le de qualit\u00e9 pour des broderies, alliant tradition et innovation.\" \/>\n<meta property=\"og:url\" content=\"https:\/\/ricaminbm.gruppoflorence.it\/fr\/prestations\/\" \/>\n<meta property=\"og:site_name\" content=\"NBM\u00a0Ricami\" \/>\n<meta property=\"article:modified_time\" content=\"2024-12-20T10:40:26+00:00\" \/>\n<meta name=\"twitter:card\" content=\"summary_large_image\" \/>\n<script type=\"application\/ld+json\" class=\"yoast-schema-graph\">{\"@context\":\"https:\\\/\\\/schema.org\",\"@graph\":[{\"@type\":\"WebPage\",\"@id\":\"https:\\\/\\\/ricaminbm.gruppoflorence.it\\\/fr\\\/prestations\\\/\",\"url\":\"https:\\\/\\\/ricaminbm.gruppoflorence.it\\\/fr\\\/prestations\\\/\",\"name\":\"Ricami NBM prestations: pr\u00e9cision et production de haute qualit\u00e9\",\"isPartOf\":{\"@id\":\"https:\\\/\\\/ricaminbm.gruppoflorence.it\\\/#website\"},\"datePublished\":\"2024-11-12T13:43:45+00:00\",\"dateModified\":\"2024-12-20T10:40:26+00:00\",\"description\":\"D\u00e9couvrez les prestations de Ricami NBM: recherche et design, prototypes, pr\u00e9s\u00e9ries et contr\u00f4le de qualit\u00e9 pour des broderies, alliant tradition et innovation.\",\"breadcrumb\":{\"@id\":\"https:\\\/\\\/ricaminbm.gruppoflorence.it\\\/fr\\\/prestations\\\/#breadcrumb\"},\"inLanguage\":\"fr-FR\",\"potentialAction\":[{\"@type\":\"ReadAction\",\"target\":[\"https:\\\/\\\/ricaminbm.gruppoflorence.it\\\/fr\\\/prestations\\\/\"]}]},{\"@type\":\"BreadcrumbList\",\"@id\":\"https:\\\/\\\/ricaminbm.gruppoflorence.it\\\/fr\\\/prestations\\\/#breadcrumb\",\"itemListElement\":[{\"@type\":\"ListItem\",\"position\":1,\"name\":\"Home\",\"item\":\"https:\\\/\\\/ricaminbm.gruppoflorence.it\\\/fr\\\/\"},{\"@type\":\"ListItem\",\"position\":2,\"name\":\"Prestations\"}]},{\"@type\":\"WebSite\",\"@id\":\"https:\\\/\\\/ricaminbm.gruppoflorence.it\\\/#website\",\"url\":\"https:\\\/\\\/ricaminbm.gruppoflorence.it\\\/\",\"name\":\"NBM\u00a0Ricami\",\"description\":\"\",\"potentialAction\":[{\"@type\":\"SearchAction\",\"target\":{\"@type\":\"EntryPoint\",\"urlTemplate\":\"https:\\\/\\\/ricaminbm.gruppoflorence.it\\\/?s={search_term_string}\"},\"query-input\":{\"@type\":\"PropertyValueSpecification\",\"valueRequired\":true,\"valueName\":\"search_term_string\"}}],\"inLanguage\":\"fr-FR\"}]}<\/script>\n<!-- \/ Yoast SEO plugin. -->","yoast_head_json":{"title":"Ricami NBM prestations: pr\u00e9cision et production de haute qualit\u00e9","description":"D\u00e9couvrez les prestations de Ricami NBM: recherche et design, prototypes, pr\u00e9s\u00e9ries et contr\u00f4le de qualit\u00e9 pour des broderies, alliant tradition et innovation.","robots":{"index":"index","follow":"follow","max-snippet":"max-snippet:-1","max-image-preview":"max-image-preview:large","max-video-preview":"max-video-preview:-1"},"canonical":"https:\/\/ricaminbm.gruppoflorence.it\/fr\/prestations\/","og_locale":"fr_FR","og_type":"article","og_title":"Ricami NBM prestations: pr\u00e9cision et production de haute qualit\u00e9","og_description":"D\u00e9couvrez les prestations de Ricami NBM: recherche et design, prototypes, pr\u00e9s\u00e9ries et contr\u00f4le de qualit\u00e9 pour des broderies, alliant tradition et innovation.","og_url":"https:\/\/ricaminbm.gruppoflorence.it\/fr\/prestations\/","og_site_name":"NBM\u00a0Ricami","article_modified_time":"2024-12-20T10:40:26+00:00","twitter_card":"summary_large_image","schema":{"@context":"https:\/\/schema.org","@graph":[{"@type":"WebPage","@id":"https:\/\/ricaminbm.gruppoflorence.it\/fr\/prestations\/","url":"https:\/\/ricaminbm.gruppoflorence.it\/fr\/prestations\/","name":"Ricami NBM prestations: pr\u00e9cision et production de haute qualit\u00e9","isPartOf":{"@id":"https:\/\/ricaminbm.gruppoflorence.it\/#website"},"datePublished":"2024-11-12T13:43:45+00:00","dateModified":"2024-12-20T10:40:26+00:00","description":"D\u00e9couvrez les prestations de Ricami NBM: recherche et design, prototypes, pr\u00e9s\u00e9ries et contr\u00f4le de qualit\u00e9 pour des broderies, alliant tradition et innovation.","breadcrumb":{"@id":"https:\/\/ricaminbm.gruppoflorence.it\/fr\/prestations\/#breadcrumb"},"inLanguage":"fr-FR","potentialAction":[{"@type":"ReadAction","target":["https:\/\/ricaminbm.gruppoflorence.it\/fr\/prestations\/"]}]},{"@type":"BreadcrumbList","@id":"https:\/\/ricaminbm.gruppoflorence.it\/fr\/prestations\/#breadcrumb","itemListElement":[{"@type":"ListItem","position":1,"name":"Home","item":"https:\/\/ricaminbm.gruppoflorence.it\/fr\/"},{"@type":"ListItem","position":2,"name":"Prestations"}]},{"@type":"WebSite","@id":"https:\/\/ricaminbm.gruppoflorence.it\/#website","url":"https:\/\/ricaminbm.gruppoflorence.it\/","name":"NBM\u00a0Ricami","description":"","potentialAction":[{"@type":"SearchAction","target":{"@type":"EntryPoint","urlTemplate":"https:\/\/ricaminbm.gruppoflorence.it\/?s={search_term_string}"},"query-input":{"@type":"PropertyValueSpecification","valueRequired":true,"valueName":"search_term_string"}}],"inLanguage":"fr-FR"}]}},"_links":{"self":[{"href":"https:\/\/ricaminbm.gruppoflorence.it\/fr\/wp-json\/wp\/v2\/pages\/530","targetHints":{"allow":["GET"]}}],"collection":[{"href":"https:\/\/ricaminbm.gruppoflorence.it\/fr\/wp-json\/wp\/v2\/pages"}],"about":[{"href":"https:\/\/ricaminbm.gruppoflorence.it\/fr\/wp-json\/wp\/v2\/types\/page"}],"author":[{"embeddable":true,"href":"https:\/\/ricaminbm.gruppoflorence.it\/fr\/wp-json\/wp\/v2\/users\/18"}],"replies":[{"embeddable":true,"href":"https:\/\/ricaminbm.gruppoflorence.it\/fr\/wp-json\/wp\/v2\/comments?post=530"}],"version-history":[{"count":7,"href":"https:\/\/ricaminbm.gruppoflorence.it\/fr\/wp-json\/wp\/v2\/pages\/530\/revisions"}],"predecessor-version":[{"id":586,"href":"https:\/\/ricaminbm.gruppoflorence.it\/fr\/wp-json\/wp\/v2\/pages\/530\/revisions\/586"}],"wp:attachment":[{"href":"https:\/\/ricaminbm.gruppoflorence.it\/fr\/wp-json\/wp\/v2\/media?parent=530"}],"curies":[{"name":"wp","href":"https:\/\/api.w.org\/{rel}","templated":true}]}}